{"id":62,"date":"2024-12-31T14:27:37","date_gmt":"2024-12-31T14:27:37","guid":{"rendered":"https:\/\/dev.lilianajones.com\/?page_id=62"},"modified":"2025-11-26T21:55:37","modified_gmt":"2025-11-26T21:55:37","slug":"contacto","status":"publish","type":"page","link":"https:\/\/www.lilianajones.com\/en\/contacto\/","title":{"rendered":"Contact"},"content":{"rendered":"<div data-elementor-type=\"wp-page\" data-elementor-id=\"62\" class=\"elementor elementor-62\" data-elementor-post-type=\"page\">\n\t\t\t\t<div class=\"elementor-element elementor-element-3144eb3 overflow e-flex e-con-boxed e-con e-parent\" data-id=\"3144eb3\" data-element_type=\"container\" data-e-type=\"container\" id=\"section_contact_form\" data-settings=\"{&quot;background_background&quot;:&quot;classic&quot;}\">\n\t\t\t\t\t<div class=\"e-con-inner\">\n\t\t<div class=\"elementor-element elementor-element-0463fdf e-con-full e-flex e-con e-child\" data-id=\"0463fdf\" data-element_type=\"container\" data-e-type=\"container\">\n\t\t\t\t<div class=\"elementor-element elementor-element-b8f2851 elementor-widget elementor-widget-heading\" data-id=\"b8f2851\" data-element_type=\"widget\" data-e-type=\"widget\" data-widget_type=\"heading.default\">\n\t\t\t\t<div class=\"elementor-widget-container\">\n\t\t\t\t\t<h1 class=\"elementor-heading-title elementor-size-default\"><span style=\"font-size:.7em;font-weight:300\">Do you have any questions?<\/span><br>\nYour path to a legal future in the United States begins here<\/h1>\t\t\t\t<\/div>\n\t\t\t\t<\/div>\n\t\t\t\t<div class=\"elementor-element elementor-element-f025e93 elementor-widget elementor-widget-text-editor\" data-id=\"f025e93\" data-element_type=\"widget\" data-e-type=\"widget\" data-widget_type=\"text-editor.default\">\n\t\t\t\t<div class=\"elementor-widget-container\">\n\t\t\t\t\t\t\t\t\t<p><span style=\"font-weight: 400;\">Leave your details in the form below and we will contact you to clarify your doubts.<\/span><\/p>\t\t\t\t\t\t\t\t<\/div>\n\t\t\t\t<\/div>\n\t\t\t\t<div class=\"elementor-element elementor-element-2677b07 elementor-widget elementor-widget-html\" data-id=\"2677b07\" data-element_type=\"widget\" data-e-type=\"widget\" data-widget_type=\"html.default\">\n\t\t\t\t<div class=\"elementor-widget-container\">\n\t\t\t\t\t<script src=\"https:\/\/js.hsforms.net\/forms\/embed\/50430488.js\" defer><\/script>\n<div class=\"hs-form-frame\" data-region=\"na1\" data-form-id=\"cb642792-2f8f-480d-a006-8cf5a926660c\" data-portal-id=\"50430488\"><\/div>\t\t\t\t<\/div>\n\t\t\t\t<\/div>\n\t\t\t\t<div class=\"elementor-element elementor-element-7388d6d elementor-hidden-desktop elementor-hidden-tablet elementor-hidden-mobile elementor-widget elementor-widget-button\" data-id=\"7388d6d\" data-element_type=\"widget\" data-e-type=\"widget\" data-widget_type=\"button.default\">\n\t\t\t\t<div class=\"elementor-widget-container\">\n\t\t\t\t\t\t\t\t\t<div class=\"elementor-button-wrapper\">\n\t\t\t\t\t<a class=\"elementor-button elementor-button-link elementor-size-sm elementor-animation-pulse-grow\" href=\"https:\/\/app.docketwise.com\/firm_leads\/public_new?uuid=5293133b-66ce-4843-8f93-afa6be263752\">\n\t\t\t\t\t\t<span class=\"elementor-button-content-wrapper\">\n\t\t\t\t\t\t\t\t\t<span class=\"elementor-button-text\">Contact us<\/span>\n\t\t\t\t\t<\/span>\n\t\t\t\t\t<\/a>\n\t\t\t\t<\/div>\n\t\t\t\t\t\t\t\t<\/div>\n\t\t\t\t<\/div>\n\t\t\t\t<\/div>\n\t\t<div class=\"elementor-element elementor-element-93ce738 e-con-full e-flex e-con e-child\" data-id=\"93ce738\" data-element_type=\"container\" data-e-type=\"container\">\n\t\t\t\t<div class=\"elementor-element elementor-element-e21d4b3 elementor-invisible elementor-widget elementor-widget-image\" data-id=\"e21d4b3\" data-element_type=\"widget\" data-e-type=\"widget\" data-settings=\"{&quot;_animation&quot;:&quot;fadeInRight&quot;}\" data-widget_type=\"image.default\">\n\t\t\t\t<div class=\"elementor-widget-container\">\n\t\t\t\t\t\t\t\t\t\t\t\t\t\t\t<img fetchpriority=\"high\" decoding=\"async\" width=\"616\" height=\"820\" src=\"https:\/\/www.lilianajones.com\/wp-content\/uploads\/2025\/02\/contacto-new.png\" class=\"attachment-full size-full wp-image-1364\" alt=\"\" srcset=\"https:\/\/www.lilianajones.com\/wp-content\/uploads\/2025\/02\/contacto-new.png 616w, https:\/\/www.lilianajones.com\/wp-content\/uploads\/2025\/02\/contacto-new-225x300.png 225w\" sizes=\"(max-width: 616px) 100vw, 616px\" \/>\t\t\t\t\t\t\t\t\t\t\t\t\t\t\t<\/div>\n\t\t\t\t<\/div>\n\t\t\t\t<\/div>\n\t\t\t\t\t<\/div>\n\t\t\t\t<\/div>\n\t\t\t\t<\/div>","protected":false},"excerpt":{"rendered":"<p>Do you have any questions? Your path to a legal future in the United States starts here. Leave your information in the form below and we&#039;ll contact you to answer your questions. Contact us<\/p>","protected":false},"author":1,"featured_media":0,"parent":0,"menu_order":0,"comment_status":"closed","ping_status":"closed","template":"","meta":{"nf_dc_page":"","footnotes":""},"class_list":["post-62","page","type-page","status-publish","hentry"],"yoast_head":"<!-- This site is optimized with the Yoast SEO plugin v27.4 - https:\/\/yoast.com\/product\/yoast-seo-wordpress\/ -->\n<title>Contacto - Liliana Jones<\/title>\n<meta name=\"robots\" content=\"index, follow, max-snippet:-1, max-image-preview:large, max-video-preview:-1\" \/>\n<link rel=\"canonical\" href=\"https:\/\/www.lilianajones.com\/en\/contacto\/\" \/>\n<meta property=\"og:locale\" content=\"en_US\" \/>\n<meta property=\"og:type\" content=\"article\" \/>\n<meta property=\"og:title\" content=\"Contacto - Liliana Jones\" \/>\n<meta property=\"og:description\" content=\"\u00bfTienes alguna duda? Tu camino hacia un futuro legal en los Estados Unidos comienza aqu\u00ed Deja tus datos en el formulario a continuaci\u00f3n y nos pondremos en contacto contigo para aclarar tus dudas. Cont\u00e1ctenos\" \/>\n<meta property=\"og:url\" content=\"https:\/\/www.lilianajones.com\/en\/contacto\/\" \/>\n<meta property=\"og:site_name\" content=\"Liliana Jones\" \/>\n<meta property=\"article:modified_time\" content=\"2025-11-26T21:55:37+00:00\" \/>\n<meta property=\"og:image\" content=\"https:\/\/www.lilianajones.com\/wp-content\/uploads\/2025\/02\/contacto-new.png\" \/>\n\t<meta property=\"og:image:width\" content=\"616\" \/>\n\t<meta property=\"og:image:height\" content=\"820\" \/>\n\t<meta property=\"og:image:type\" content=\"image\/png\" \/>\n<meta name=\"twitter:card\" content=\"summary_large_image\" \/>\n<meta name=\"twitter:label1\" content=\"Est. reading time\" \/>\n\t<meta name=\"twitter:data1\" content=\"1 minute\" \/>\n<script type=\"application\/ld+json\" class=\"yoast-schema-graph\">{\"@context\":\"https:\\\/\\\/schema.org\",\"@graph\":[{\"@type\":\"WebPage\",\"@id\":\"https:\\\/\\\/www.lilianajones.com\\\/contacto\\\/\",\"url\":\"https:\\\/\\\/www.lilianajones.com\\\/contacto\\\/\",\"name\":\"Contacto - Liliana Jones\",\"isPartOf\":{\"@id\":\"https:\\\/\\\/www.lilianajones.com\\\/#website\"},\"primaryImageOfPage\":{\"@id\":\"https:\\\/\\\/www.lilianajones.com\\\/contacto\\\/#primaryimage\"},\"image\":{\"@id\":\"https:\\\/\\\/www.lilianajones.com\\\/contacto\\\/#primaryimage\"},\"thumbnailUrl\":\"https:\\\/\\\/www.lilianajones.com\\\/wp-content\\\/uploads\\\/2025\\\/02\\\/contacto-new.png\",\"datePublished\":\"2024-12-31T14:27:37+00:00\",\"dateModified\":\"2025-11-26T21:55:37+00:00\",\"breadcrumb\":{\"@id\":\"https:\\\/\\\/www.lilianajones.com\\\/contacto\\\/#breadcrumb\"},\"inLanguage\":\"en-US\",\"potentialAction\":[{\"@type\":\"ReadAction\",\"target\":[\"https:\\\/\\\/www.lilianajones.com\\\/contacto\\\/\"]}]},{\"@type\":\"ImageObject\",\"inLanguage\":\"en-US\",\"@id\":\"https:\\\/\\\/www.lilianajones.com\\\/contacto\\\/#primaryimage\",\"url\":\"https:\\\/\\\/www.lilianajones.com\\\/wp-content\\\/uploads\\\/2025\\\/02\\\/contacto-new.png\",\"contentUrl\":\"https:\\\/\\\/www.lilianajones.com\\\/wp-content\\\/uploads\\\/2025\\\/02\\\/contacto-new.png\"},{\"@type\":\"BreadcrumbList\",\"@id\":\"https:\\\/\\\/www.lilianajones.com\\\/contacto\\\/#breadcrumb\",\"itemListElement\":[{\"@type\":\"ListItem\",\"position\":1,\"name\":\"Home\",\"item\":\"https:\\\/\\\/www.lilianajones.com\\\/\"},{\"@type\":\"ListItem\",\"position\":2,\"name\":\"Contacto\"}]},{\"@type\":\"WebSite\",\"@id\":\"https:\\\/\\\/www.lilianajones.com\\\/#website\",\"url\":\"https:\\\/\\\/www.lilianajones.com\\\/\",\"name\":\"Liliana Jonse\",\"description\":\"\",\"publisher\":{\"@id\":\"https:\\\/\\\/www.lilianajones.com\\\/#organization\"},\"alternateName\":\"Hispanic American Legal Services\",\"potentialAction\":[{\"@type\":\"SearchAction\",\"target\":{\"@type\":\"EntryPoint\",\"urlTemplate\":\"https:\\\/\\\/www.lilianajones.com\\\/?s={search_term_string}\"},\"query-input\":{\"@type\":\"PropertyValueSpecification\",\"valueRequired\":true,\"valueName\":\"search_term_string\"}}],\"inLanguage\":\"en-US\"},{\"@type\":\"Organization\",\"@id\":\"https:\\\/\\\/www.lilianajones.com\\\/#organization\",\"name\":\"Liliana Jonse\",\"url\":\"https:\\\/\\\/www.lilianajones.com\\\/\",\"logo\":{\"@type\":\"ImageObject\",\"inLanguage\":\"en-US\",\"@id\":\"https:\\\/\\\/www.lilianajones.com\\\/#\\\/schema\\\/logo\\\/image\\\/\",\"url\":\"https:\\\/\\\/www.lilianajones.com\\\/wp-content\\\/uploads\\\/2024\\\/12\\\/Logo.png\",\"contentUrl\":\"https:\\\/\\\/www.lilianajones.com\\\/wp-content\\\/uploads\\\/2024\\\/12\\\/Logo.png\",\"width\":227,\"height\":90,\"caption\":\"Liliana Jonse\"},\"image\":{\"@id\":\"https:\\\/\\\/www.lilianajones.com\\\/#\\\/schema\\\/logo\\\/image\\\/\"}}]}<\/script>\n<!-- \/ Yoast SEO plugin. -->","yoast_head_json":{"title":"Contacto - Liliana Jones","robots":{"index":"index","follow":"follow","max-snippet":"max-snippet:-1","max-image-preview":"max-image-preview:large","max-video-preview":"max-video-preview:-1"},"canonical":"https:\/\/www.lilianajones.com\/en\/contacto\/","og_locale":"en_US","og_type":"article","og_title":"Contacto - Liliana Jones","og_description":"\u00bfTienes alguna duda? Tu camino hacia un futuro legal en los Estados Unidos comienza aqu\u00ed Deja tus datos en el formulario a continuaci\u00f3n y nos pondremos en contacto contigo para aclarar tus dudas. Cont\u00e1ctenos","og_url":"https:\/\/www.lilianajones.com\/en\/contacto\/","og_site_name":"Liliana Jones","article_modified_time":"2025-11-26T21:55:37+00:00","og_image":[{"width":616,"height":820,"url":"https:\/\/www.lilianajones.com\/wp-content\/uploads\/2025\/02\/contacto-new.png","type":"image\/png"}],"twitter_card":"summary_large_image","twitter_misc":{"Est. reading time":"1 minute"},"schema":{"@context":"https:\/\/schema.org","@graph":[{"@type":"WebPage","@id":"https:\/\/www.lilianajones.com\/contacto\/","url":"https:\/\/www.lilianajones.com\/contacto\/","name":"Contacto - Liliana Jones","isPartOf":{"@id":"https:\/\/www.lilianajones.com\/#website"},"primaryImageOfPage":{"@id":"https:\/\/www.lilianajones.com\/contacto\/#primaryimage"},"image":{"@id":"https:\/\/www.lilianajones.com\/contacto\/#primaryimage"},"thumbnailUrl":"https:\/\/www.lilianajones.com\/wp-content\/uploads\/2025\/02\/contacto-new.png","datePublished":"2024-12-31T14:27:37+00:00","dateModified":"2025-11-26T21:55:37+00:00","breadcrumb":{"@id":"https:\/\/www.lilianajones.com\/contacto\/#breadcrumb"},"inLanguage":"en-US","potentialAction":[{"@type":"ReadAction","target":["https:\/\/www.lilianajones.com\/contacto\/"]}]},{"@type":"ImageObject","inLanguage":"en-US","@id":"https:\/\/www.lilianajones.com\/contacto\/#primaryimage","url":"https:\/\/www.lilianajones.com\/wp-content\/uploads\/2025\/02\/contacto-new.png","contentUrl":"https:\/\/www.lilianajones.com\/wp-content\/uploads\/2025\/02\/contacto-new.png"},{"@type":"BreadcrumbList","@id":"https:\/\/www.lilianajones.com\/contacto\/#breadcrumb","itemListElement":[{"@type":"ListItem","position":1,"name":"Home","item":"https:\/\/www.lilianajones.com\/"},{"@type":"ListItem","position":2,"name":"Contacto"}]},{"@type":"WebSite","@id":"https:\/\/www.lilianajones.com\/#website","url":"https:\/\/www.lilianajones.com\/","name":"Liliana Jonse","description":"","publisher":{"@id":"https:\/\/www.lilianajones.com\/#organization"},"alternateName":"Hispanic American Legal Services","potentialAction":[{"@type":"SearchAction","target":{"@type":"EntryPoint","urlTemplate":"https:\/\/www.lilianajones.com\/?s={search_term_string}"},"query-input":{"@type":"PropertyValueSpecification","valueRequired":true,"valueName":"search_term_string"}}],"inLanguage":"en-US"},{"@type":"Organization","@id":"https:\/\/www.lilianajones.com\/#organization","name":"Liliana Jonse","url":"https:\/\/www.lilianajones.com\/","logo":{"@type":"ImageObject","inLanguage":"en-US","@id":"https:\/\/www.lilianajones.com\/#\/schema\/logo\/image\/","url":"https:\/\/www.lilianajones.com\/wp-content\/uploads\/2024\/12\/Logo.png","contentUrl":"https:\/\/www.lilianajones.com\/wp-content\/uploads\/2024\/12\/Logo.png","width":227,"height":90,"caption":"Liliana Jonse"},"image":{"@id":"https:\/\/www.lilianajones.com\/#\/schema\/logo\/image\/"}}]}},"_links":{"self":[{"href":"https:\/\/www.lilianajones.com\/en\/wp-json\/wp\/v2\/pages\/62","targetHints":{"allow":["GET"]}}],"collection":[{"href":"https:\/\/www.lilianajones.com\/en\/wp-json\/wp\/v2\/pages"}],"about":[{"href":"https:\/\/www.lilianajones.com\/en\/wp-json\/wp\/v2\/types\/page"}],"author":[{"embeddable":true,"href":"https:\/\/www.lilianajones.com\/en\/wp-json\/wp\/v2\/users\/1"}],"replies":[{"embeddable":true,"href":"https:\/\/www.lilianajones.com\/en\/wp-json\/wp\/v2\/comments?post=62"}],"version-history":[{"count":5,"href":"https:\/\/www.lilianajones.com\/en\/wp-json\/wp\/v2\/pages\/62\/revisions"}],"predecessor-version":[{"id":3108,"href":"https:\/\/www.lilianajones.com\/en\/wp-json\/wp\/v2\/pages\/62\/revisions\/3108"}],"wp:attachment":[{"href":"https:\/\/www.lilianajones.com\/en\/wp-json\/wp\/v2\/media?parent=62"}],"curies":[{"name":"wp","href":"https:\/\/api.w.org\/{rel}","templated":true}]}}